{"id":260,"date":"2024-05-08T05:58:32","date_gmt":"2024-05-08T05:58:32","guid":{"rendered":"https:\/\/colditzer-turnverein.de\/?page_id=260"},"modified":"2026-01-17T10:27:05","modified_gmt":"2026-01-17T10:27:05","slug":"start","status":"publish","type":"page","link":"https:\/\/colditzer-turnverein.de\/","title":{"rendered":"Aktuelles"},"content":{"rendered":"\n<h2 class=\"wp-block-heading\"><strong>Aktuelles \/ Neuigkeiten \/ Informatione<\/strong>n<\/h2>\n\n\n\n<p><\/p>\n\n\n\n<p><\/p>\n\n\n\n<p><strong>Unsere Damen-Tanzgruppe freut sich \u00fcber Verst\u00e4rkung. Bitte melde dich bei uns!<\/strong><\/p>\n\n\n\n<figure class=\"wp-block-image size-large\"><img loading=\"lazy\" decoding=\"async\" width=\"819\" height=\"1024\" src=\"https:\/\/colditzer-turnverein.de\/wp-content\/uploads\/2026\/01\/Lust-auf-Tanzen-2026-819x1024.jpg\" alt=\"\" class=\"wp-image-534\" srcset=\"https:\/\/colditzer-turnverein.de\/wp-content\/uploads\/2026\/01\/Lust-auf-Tanzen-2026-819x1024.jpg 819w, https:\/\/colditzer-turnverein.de\/wp-content\/uploads\/2026\/01\/Lust-auf-Tanzen-2026-240x300.jpg 240w, https:\/\/colditzer-turnverein.de\/wp-content\/uploads\/2026\/01\/Lust-auf-Tanzen-2026-768x960.jpg 768w, https:\/\/colditzer-turnverein.de\/wp-content\/uploads\/2026\/01\/Lust-auf-Tanzen-2026.jpg 1080w\" sizes=\"(max-width: 819px) 100vw, 819px\" \/><\/figure>\n\n\n\n<hr class=\"wp-block-separator has-alpha-channel-opacity\"\/>\n\n\n\n<figure class=\"wp-block-image size-large\"><img loading=\"lazy\" decoding=\"async\" width=\"819\" height=\"1024\" src=\"https:\/\/colditzer-turnverein.de\/wp-content\/uploads\/2026\/01\/Flizzy-2026-819x1024.jpg\" alt=\"\" class=\"wp-image-532\" srcset=\"https:\/\/colditzer-turnverein.de\/wp-content\/uploads\/2026\/01\/Flizzy-2026-819x1024.jpg 819w, https:\/\/colditzer-turnverein.de\/wp-content\/uploads\/2026\/01\/Flizzy-2026-240x300.jpg 240w, https:\/\/colditzer-turnverein.de\/wp-content\/uploads\/2026\/01\/Flizzy-2026-768x960.jpg 768w, https:\/\/colditzer-turnverein.de\/wp-content\/uploads\/2026\/01\/Flizzy-2026.jpg 1080w\" sizes=\"(max-width: 819px) 100vw, 819px\" \/><\/figure>\n\n\n\n<hr class=\"wp-block-separator has-alpha-channel-opacity\"\/>\n\n\n\n<p><strong>Termine 2026<\/strong><\/p>\n\n\n\n<figure class=\"wp-block-table\"><table class=\"has-fixed-layout\"><tbody><tr><td>14.01.26<\/td><td>Besuch &#8222;Feuerwerk der Turnkunst&#8220; in Leipzig<\/td><\/tr><tr><td>11.02.26<\/td><td>Turnhallenfasching<\/td><\/tr><tr><td>21.03.26<\/td><td>Flizzy &amp; Kinder stark machen<\/td><\/tr><tr><td>08.04.26<\/td><td>Bowling &amp; Kegeln in Fema<\/td><\/tr><tr><td>29.04.26<\/td><td>Besuch im Riff<\/td><\/tr><tr><td>16.05.26<\/td><td>Auftritt beim Birkenfest<\/td><\/tr><tr><td>20.05.26<\/td><td>Gymweltabend Grimma<\/td><\/tr><tr><td>30.05.26<\/td><td>Wanderung Bewegung gegen Krebs<\/td><\/tr><tr><td>21.06.26<\/td><td>Grimma bewegt sich<\/td><\/tr><tr><td>26.-28.06.26<\/td><td>Landesturnfest Limbach-Oberfrohna<\/td><\/tr><tr><td>01.07.26<\/td><td>Saisonabschluss<\/td><\/tr><tr><td>04.07.26<\/td><td>Schlauchboottour Rochlitz-Lastau<\/td><\/tr><tr><td>Sommer<\/td><td>Wassergymnastik im Waldbad Walken<\/td><\/tr><tr><td>05.09.26<\/td><td>STV-Fortbildung in Colditz<br>&#8222;Vom Kraft- zum Stabilisationstraining&#8220;<\/td><\/tr><tr><td>23.09.26<\/td><td>BeActive Night &#8222;Gymwelt&#8220; <\/td><\/tr><tr><td>03.10.26<\/td><td>Colditzer Stundenlauf<\/td><\/tr><tr><td>14.10.26<\/td><td>Mitgliederversammlung im Waldhaus<\/td><\/tr><tr><td>09.11.26<\/td><td>Kinderturntag<\/td><\/tr><tr><td>05.12.26<\/td><td>Auftritt bei der Colditzer M\u00e4rchenschlossweihnacht<\/td><\/tr><tr><td>16.12.26<\/td><td>Weihnachtsfeier im Waldhaus<\/td><\/tr><\/tbody><\/table><\/figure>\n\n\n\n<hr class=\"wp-block-separator has-alpha-channel-opacity\"\/>\n\n\n\n<p><strong>Neuer Vorstand wurde gew\u00e4hlt<\/strong><\/p>\n\n\n\n<p>Am 15.10.2025 fand im Waldhaus Colditz die Mitgliederversammlung mit Vorstandswahl statt.<br>Silke Reth stellte sich nach vielen Jahren der zuverl\u00e4ssigen Schatzmeistert\u00e4tigkeit nicht noch einmal zur Wahl. Sie wurde mit gro\u00dfem Dank von den Mitgliedern aus dem Vorstand entlassen. <br>Wiedergew\u00e4hlt wurden Regina Paul als Vorsitzende und Ulrike Seidl als Stellvertreterin.<br>Neu gew\u00e4hlt wurde als Schatzmeisterin Katrin Meese. <br>Wir blicken voll Zuversicht in die kommenden 4 Jahre und freuen uns auf unz\u00e4hlige bewegungsreiche gemeinsame Aktivit\u00e4ten.<\/p>\n\n\n\n<p><\/p>\n\n\n\n<p><\/p>\n\n\n\n<figure class=\"wp-block-gallery has-nested-images columns-default is-cropped wp-block-gallery-1 is-layout-flex wp-block-gallery-is-layout-flex\">\n<figure class=\"wp-block-image size-large\"><img loading=\"lazy\" decoding=\"async\" width=\"768\" height=\"1024\" data-id=\"414\" src=\"https:\/\/colditzer-turnverein.de\/wp-content\/uploads\/2025\/11\/20251015_195122-768x1024.jpg\" alt=\"\" class=\"wp-image-414\" srcset=\"https:\/\/colditzer-turnverein.de\/wp-content\/uploads\/2025\/11\/20251015_195122-768x1024.jpg 768w, https:\/\/colditzer-turnverein.de\/wp-content\/uploads\/2025\/11\/20251015_195122-225x300.jpg 225w, https:\/\/colditzer-turnverein.de\/wp-content\/uploads\/2025\/11\/20251015_195122-1152x1536.jpg 1152w, https:\/\/colditzer-turnverein.de\/wp-content\/uploads\/2025\/11\/20251015_195122-1536x2048.jpg 1536w, https:\/\/colditzer-turnverein.de\/wp-content\/uploads\/2025\/11\/20251015_195122-scaled.jpg 1920w\" sizes=\"(max-width: 768px) 100vw, 768px\" \/><\/figure>\n<\/figure>\n\n\n\n<hr class=\"wp-block-separator has-alpha-channel-opacity\"\/>\n\n\n\n<p><strong>Colditzer Turnverein gemeinsam mit BeActive auf dem Internationalen Deutschen Turnfest in Leipzig<\/strong><\/p>\n\n\n\n<figure class=\"wp-block-image size-large\"><img loading=\"lazy\" decoding=\"async\" width=\"1024\" height=\"802\" src=\"https:\/\/colditzer-turnverein.de\/wp-content\/uploads\/2025\/06\/IMG-20250529-WA0015-1024x802.jpg\" alt=\"\" class=\"wp-image-391\" srcset=\"https:\/\/colditzer-turnverein.de\/wp-content\/uploads\/2025\/06\/IMG-20250529-WA0015-1024x802.jpg 1024w, https:\/\/colditzer-turnverein.de\/wp-content\/uploads\/2025\/06\/IMG-20250529-WA0015-300x235.jpg 300w, https:\/\/colditzer-turnverein.de\/wp-content\/uploads\/2025\/06\/IMG-20250529-WA0015-768x602.jpg 768w, https:\/\/colditzer-turnverein.de\/wp-content\/uploads\/2025\/06\/IMG-20250529-WA0015-1536x1204.jpg 1536w, https:\/\/colditzer-turnverein.de\/wp-content\/uploads\/2025\/06\/IMG-20250529-WA0015.jpg 1968w\" sizes=\"(max-width: 1024px) 100vw, 1024px\" \/><\/figure>\n\n\n\n<figure class=\"wp-block-gallery has-nested-images columns-default is-cropped wp-block-gallery-2 is-layout-flex wp-block-gallery-is-layout-flex\">\n<figure class=\"wp-block-image size-large\"><img loading=\"lazy\" decoding=\"async\" width=\"768\" height=\"1024\" data-id=\"392\" src=\"https:\/\/colditzer-turnverein.de\/wp-content\/uploads\/2025\/06\/Turnfest-Leipzig-2025_Praesentation-BeActive-Colditz-Foto-DTB_-1-768x1024.jpg\" alt=\"\" class=\"wp-image-392\" srcset=\"https:\/\/colditzer-turnverein.de\/wp-content\/uploads\/2025\/06\/Turnfest-Leipzig-2025_Praesentation-BeActive-Colditz-Foto-DTB_-1-768x1024.jpg 768w, https:\/\/colditzer-turnverein.de\/wp-content\/uploads\/2025\/06\/Turnfest-Leipzig-2025_Praesentation-BeActive-Colditz-Foto-DTB_-1-225x300.jpg 225w, https:\/\/colditzer-turnverein.de\/wp-content\/uploads\/2025\/06\/Turnfest-Leipzig-2025_Praesentation-BeActive-Colditz-Foto-DTB_-1-1152x1536.jpg 1152w, https:\/\/colditzer-turnverein.de\/wp-content\/uploads\/2025\/06\/Turnfest-Leipzig-2025_Praesentation-BeActive-Colditz-Foto-DTB_-1.jpg 1247w\" sizes=\"(max-width: 768px) 100vw, 768px\" \/><\/figure>\n<\/figure>\n\n\n\n<p>Der CTV wurde vom DTB als positives Beispiel vorgestellt, wie BeActive w\u00e4hrend der Europ\u00e4ischen Woche des Sports gelebt werden kann. <\/p>\n\n\n\n<hr class=\"wp-block-separator has-alpha-channel-opacity\"\/>\n\n\n\n<p><\/p>\n\n\n\n<p><strong>Ehrenamt wird gew\u00fcrdigt<\/strong><\/p>\n\n\n\n<p>Am 12.04.2025 fand in der Stadthalle Zwenkau der Sportlerball des Kreissportbundes Leipziger Land statt. An diesem Abend wurden die Sportler und Mannschaften des Jahres 2024 geehrt.<\/p>\n\n\n\n<p>Aber nicht nur sportliche Erfolge wurden an diesem Abend gew\u00fcrdigt, sondern auch das Ehrenamt sowie Unterst\u00fctzer.<\/p>\n\n\n\n<p>Wir sind stolz darauf, dass Silke Reth vom Colditzer Turnverein e.V. mit dem Ehrenamtspreis ausgezeichnet wurde. Silke Reth ist von Anfang an mit dem CTV verbunden. Sie war schon Mitglied im SV Colditz, als sich 1993 der SV aufsplitterte und wir den Colditzer Turnverein ins Leben riefen. Seitdem war sie aktives Mitglied und seit 2013 im Vorstand als Schatzmeisterin t\u00e4tig.<\/p>\n\n\n\n<p>Neben den Aufgaben als Schatzmeisterin \u00fcbernahm sie in all den Jahren stets weitere Aufgaben und wirkte meist unerkannt hinter den Kulissen. So organisierte sie unter anderem Busausfahrten f\u00fcr den Verein, beschaffte Vereins-Shirts, lie\u00df sich zur Flizzy-Pr\u00fcferin ausbilden und wirkte bei jeder Flizzy-Veranstaltung mit, organisierte Wanderungen und andere Vereinsveranstaltungen, half bei der Organisation und Durchf\u00fchrung von STV-Weiterbildungen in Colditz sowie den beliebten BeActive-Nights mit. Bei letzteren bediente sie viele Jahre sogar die Tontechnik. Weiterhin sorgte sie sich um die Vereinspflege bei runden Geburtstagen und etliche Jahre wirkte sie nebenbei auch noch im Team vom legend\u00e4ren Colditzer Sportlerfasching mit.<\/p>\n\n\n\n<p>Deshalb war es uns ein Anliegen, unsere Sportfreundin Silke und ihre Leistungen zu w\u00fcrdigen und zu ehren. F\u00fcr all das sagen wir DANKE und finden, dass Silke ein Vorbild f\u00fcr uns alle ist.<\/p>\n\n\n\n<p>Der KSB hat wieder eine tolle Veranstaltung mit Ehrungen, interessanten Interviews, sch\u00f6nem Showprogramm, leckerem Essen, Quiz, Paddel-Challenge sowie Tanz gezaubert. Wir verbrachten gemeinsam einen au\u00dfergew\u00f6hnlichen Abend, der in Erinnerung bleiben wird.<\/p>\n\n\n\n<figure class=\"wp-block-embed is-type-wp-embed is-provider-kreissportbund-landkreis-leipzig-e-v wp-block-embed-kreissportbund-landkreis-leipzig-e-v\"><div class=\"wp-block-embed__wrapper\">\n<blockquote hcb-fetch-image-from=\"https:\/\/www.ksb-ll.de\/15-sportlerball\" class=\"wp-embedded-content\" data-secret=\"Njp2OUVjYi\"><a href=\"https:\/\/www.ksb-ll.de\/15-sportlerball\/\">Der 15. Sportlerball im Landkreis Leipzig mit Olympiasieger Tom Liebscher-Lucz, Show-Highlights und Challenge<\/a><\/blockquote><iframe loading=\"lazy\" class=\"wp-embedded-content\" sandbox=\"allow-scripts\" security=\"restricted\" style=\"position: absolute; visibility: hidden;\" title=\"&#8222;Der 15. Sportlerball im Landkreis Leipzig mit Olympiasieger Tom Liebscher-Lucz, Show-Highlights und Challenge&#8220; &#8211; Kreissportbund Landkreis Leipzig e.V.\" src=\"https:\/\/www.ksb-ll.de\/15-sportlerball\/embed\/#?secret=BxmiZYm4Pw#?secret=Njp2OUVjYi\" data-secret=\"Njp2OUVjYi\" width=\"500\" height=\"282\" frameborder=\"0\" marginwidth=\"0\" marginheight=\"0\" scrolling=\"no\"><\/iframe>\n<\/div><\/figure>\n\n\n\n<figure class=\"wp-block-image size-large\"><img loading=\"lazy\" decoding=\"async\" width=\"1024\" height=\"768\" src=\"https:\/\/colditzer-turnverein.de\/wp-content\/uploads\/2025\/04\/20250412_201235-1024x768.jpg\" alt=\"\" class=\"wp-image-378\" srcset=\"https:\/\/colditzer-turnverein.de\/wp-content\/uploads\/2025\/04\/20250412_201235-1024x768.jpg 1024w, https:\/\/colditzer-turnverein.de\/wp-content\/uploads\/2025\/04\/20250412_201235-300x225.jpg 300w, https:\/\/colditzer-turnverein.de\/wp-content\/uploads\/2025\/04\/20250412_201235-768x576.jpg 768w, https:\/\/colditzer-turnverein.de\/wp-content\/uploads\/2025\/04\/20250412_201235-1536x1152.jpg 1536w, https:\/\/colditzer-turnverein.de\/wp-content\/uploads\/2025\/04\/20250412_201235-2048x1536.jpg 2048w\" sizes=\"(max-width: 1024px) 100vw, 1024px\" \/><\/figure>\n\n\n\n<hr class=\"wp-block-separator has-alpha-channel-opacity\"\/>\n\n\n\n<p><\/p>\n\n\n\n<p><\/p>\n\n\n\n<p><\/p>\n\n\n\n<div class=\"wp-block-group is-nowrap is-layout-flex wp-container-core-group-is-layout-1 wp-block-group-is-layout-flex\">\n<hr class=\"wp-block-separator has-alpha-channel-opacity\"\/>\n<\/div>\n","protected":false},"excerpt":{"rendered":"<p>Aktuelles \/ Neuigkeiten \/ Informationen Unsere Damen-Tanzgruppe freut sich \u00fcber Verst\u00e4rkung. Bitte melde dich bei uns! Termine 2026 14.01.26 Besuch &#8222;Feuerwerk der Turnkunst&#8220; in Leipzig 11.02.26 Turnhallenfasching 21.03.26 Flizzy &amp; Kinder stark machen 08.04.26 Bowling &amp; Kegeln in Fema 29.04.26 Besuch im Riff 16.05.26 Auftritt beim Birkenfest 20.05.26 Gymweltabend Grimma 30.05.26 Wanderung Bewegung gegen Krebs [&hellip;]<\/p>\n","protected":false},"author":1,"featured_media":0,"parent":0,"menu_order":0,"comment_status":"closed","ping_status":"closed","template":"","meta":{"footnotes":""},"class_list":["post-260","page","type-page","status-publish","hentry"],"_links":{"self":[{"href":"https:\/\/colditzer-turnverein.de\/index.php?rest_route=\/wp\/v2\/pages\/260"}],"collection":[{"href":"https:\/\/colditzer-turnverein.de\/index.php?rest_route=\/wp\/v2\/pages"}],"about":[{"href":"https:\/\/colditzer-turnverein.de\/index.php?rest_route=\/wp\/v2\/types\/page"}],"author":[{"embeddable":true,"href":"https:\/\/colditzer-turnverein.de\/index.php?rest_route=\/wp\/v2\/users\/1"}],"replies":[{"embeddable":true,"href":"https:\/\/colditzer-turnverein.de\/index.php?rest_route=%2Fwp%2Fv2%2Fcomments&post=260"}],"version-history":[{"count":36,"href":"https:\/\/colditzer-turnverein.de\/index.php?rest_route=\/wp\/v2\/pages\/260\/revisions"}],"predecessor-version":[{"id":535,"href":"https:\/\/colditzer-turnverein.de\/index.php?rest_route=\/wp\/v2\/pages\/260\/revisions\/535"}],"wp:attachment":[{"href":"https:\/\/colditzer-turnverein.de\/index.php?rest_route=%2Fwp%2Fv2%2Fmedia&parent=260"}],"curies":[{"name":"wp","href":"https:\/\/api.w.org\/{rel}","templated":true}]}}